{"id":2423,"date":"2024-09-09T17:22:38","date_gmt":"2024-09-09T21:22:38","guid":{"rendered":"https:\/\/arcfil.com\/careers\/"},"modified":"2024-09-24T14:10:17","modified_gmt":"2024-09-24T18:10:17","slug":"carrieres","status":"publish","type":"page","link":"https:\/\/arcfil.com\/fr\/carrieres\/","title":{"rendered":"Carri\u00e8res"},"content":{"rendered":"<div class='breakdance'><section class=\"bde-section-2423-104 bde-section\">\n  \n  \n\t\n\n\n\n<div class=\"section-container\"><h1 class=\"bde-heading-2423-101 bde-heading\">\nCarri\u00e8res\n<\/h1><\/div>\n<\/section><section class=\"bde-section-2423-100 bde-section\">\n  \n  \n\t\n\n\n\n<div class=\"section-container\"><div class=\"bde-rich-text-2423-106 bde-rich-text breakdance-rich-text-styles\">\n<h2>Faire carri\u00e8re chez nous<\/h2><p>Construire votre carri\u00e8re chez Arcfil signifie embrasser une opportunit\u00e9 passionnante de croissance tant personnelle que professionnelle. En rejoignant notre \u00e9quipe, vous choisissez un environnement stimulant, dynamique et engageant qui repose sur l'innovation et la collaboration. Chez Arcfil, vos talents et votre expertise uniques ne sont pas seulement reconnus, mais c\u00e9l\u00e9br\u00e9s, et nous sommes fiers de favoriser une culture qui encourage l'apprentissage continu, le d\u00e9veloppement et l'avancement. Avec nous, vous disposerez du soutien et des ressources n\u00e9cessaires pour exceller dans votre domaine, tout en jouant un r\u00f4le essentiel dans la construction de l'avenir de notre entreprise et de l'industrie. Votre chemin vers le succ\u00e8s commence ici !<\/p><h3>Voici les postes que nous cherchons actuellement \u00e0 pourvoir.<\/h3>\n<\/div><div class=\"bde-post-loop-2423-102 bde-post-loop\"><div class=\"bde-loop bde-loop-grid ee-posts ee-posts-grid\">    <article class=\"bde-loop-item ee-post\">\n        <div class='breakdance'><div class=\"bde-div-2437-100-2431-2437-1 bde-div bde-div-2437-100\">\n  \n  \n\t\n\n\n\n<div class=\"bde-image-2437-101-2431-2437-1 bde-image bde-image-2437-101\">\n<figure class=\"breakdance-image breakdance-image--1496\">\n\t<div class=\"breakdance-image-container\">\n\t\t<div class=\"breakdance-image-clip\"><img loading=\"lazy\" decoding=\"async\" class=\"breakdance-image-object\" src=\"https:\/\/arcfil.com\/wp-content\/uploads\/2022\/03\/Image-10.jpg\" width=\"1170\" height=\"780\" srcset=\"https:\/\/arcfil.com\/wp-content\/uploads\/2022\/03\/Image-10.jpg 1170w, https:\/\/arcfil.com\/wp-content\/uploads\/2022\/03\/Image-10-300x200.jpg 300w, https:\/\/arcfil.com\/wp-content\/uploads\/2022\/03\/Image-10-768x512.jpg 768w, https:\/\/arcfil.com\/wp-content\/uploads\/2022\/03\/Image-10-1024x683.jpg 1024w\" sizes=\"auto, (max-width: 1170px) 100vw, 1170px\"><\/div>\n\t<\/div><\/figure>\n\n<\/div><h2 class=\"bde-heading-2437-102-2431-2437-1 bde-heading bde-heading-2437-102\">\nEmploy\u00e9(e) Usine\n<\/h2><div class=\"bde-text-2437-103-2431-2437-1 bde-text bde-text-2437-103\">\n<p>Description compl\u00e8te du poste Nous recherchons un(e) Gestionnaire de Strat\u00e9gie exp\u00e9riment\u00e9(e). Vous travaillerez directement avec les cadres dirigeants pour vous assurer que les objectifs quotidiens, les rapports et les indicateurs sont en parfaite ad\u00e9quation avec les objectifs de l&rsquo;entreprise. Vous \u00e9valuerez de nouveaux mod\u00e8les d&rsquo;affaires ainsi que les relations d&rsquo;entreprise. &nbsp;<\/p>\n\n<\/div><div class=\"bde-button-2437-104-2431-2437-1 bde-button bde-button-2437-104\">\n    \n                                    \n    \n    \n    \n    \n            \n                    \n            \n            \n\n    \n    \n    \n    \n    \n    <a class=\"breakdance-link button-atom button-atom--primary bde-button__button\" href=\"https:\/\/arcfil.com\/fr\/postuler-emploi\/employe-usine\/\" target=\"_self\" data-type=\"url\"  >\n\n    \n        <span class=\"button-atom__text\">Plus...<\/span>\n\n        \n        \n                <\/a>\n\n    \n\n\n<\/div>\n<\/div><\/div>    <\/article>\n    <article class=\"bde-loop-item ee-post\">\n        <div class='breakdance'><div class=\"bde-div-2437-100-2432-2437-1 bde-div bde-div-2437-100\">\n  \n  \n\t\n\n\n\n<div class=\"bde-image-2437-101-2432-2437-1 bde-image bde-image-2437-101\">\n<figure class=\"breakdance-image breakdance-image--1512\">\n\t<div class=\"breakdance-image-container\">\n\t\t<div class=\"breakdance-image-clip\"><img loading=\"lazy\" decoding=\"async\" class=\"breakdance-image-object\" src=\"https:\/\/arcfil.com\/wp-content\/uploads\/2022\/03\/HERO-carriere-2.jpg\" width=\"1170\" height=\"600\" srcset=\"https:\/\/arcfil.com\/wp-content\/uploads\/2022\/03\/HERO-carriere-2.jpg 1170w, https:\/\/arcfil.com\/wp-content\/uploads\/2022\/03\/HERO-carriere-2-300x154.jpg 300w, https:\/\/arcfil.com\/wp-content\/uploads\/2022\/03\/HERO-carriere-2-768x394.jpg 768w, https:\/\/arcfil.com\/wp-content\/uploads\/2022\/03\/HERO-carriere-2-1024x525.jpg 1024w\" sizes=\"auto, (max-width: 1170px) 100vw, 1170px\"><\/div>\n\t<\/div><\/figure>\n\n<\/div><h2 class=\"bde-heading-2437-102-2432-2437-1 bde-heading bde-heading-2437-102\">\nCoordonnateur ressources humaines\n<\/h2><div class=\"bde-text-2437-103-2432-2437-1 bde-text bde-text-2437-103\">\n<p>Voici la description du poste : PDF Coordonnateur RH Le Coordonnateur ressources humaines aura la responsabilit\u00e9 des activit\u00e9s reli\u00e9es \u00e0 la gestion administrative des ressources humaines (CNESST, Paye, embauche et formation). &nbsp; Profil recherch\u00e9 : \u2b9a D\u00e9tenir un AEC ou dipl\u00f4me coll\u00e9gial en ressources humaines ou dans un domaine connexe. \u2b9a Poss\u00e9der un minimum de [&hellip;]<\/p>\n\n<\/div><div class=\"bde-button-2437-104-2432-2437-1 bde-button bde-button-2437-104\">\n    \n                                    \n    \n    \n    \n    \n            \n                    \n            \n            \n\n    \n    \n    \n    \n    \n    <a class=\"breakdance-link button-atom button-atom--primary bde-button__button\" href=\"https:\/\/arcfil.com\/fr\/postuler-emploi\/coordonnateur-ressources-humaines\/\" target=\"_self\" data-type=\"url\"  >\n\n    \n        <span class=\"button-atom__text\">Plus...<\/span>\n\n        \n        \n                <\/a>\n\n    \n\n\n<\/div>\n<\/div><\/div>    <\/article>\n<\/div>\r\n<\/div><\/div>\n<\/section><\/div>","protected":false},"excerpt":{"rendered":"<p>Carri\u00e8res Faire carri\u00e8re chez nousConstruire votre carri\u00e8re chez Arcfil signifie embrasser une opportunit\u00e9 passionnante de croissance tant personnelle que professionnelle. En rejoignant notre \u00e9quipe, vous choisissez un environnement stimulant, dynamique et engageant qui repose sur l&rsquo;innovation et la collaboration. Chez Arcfil, vos talents et votre expertise uniques ne sont pas seulement reconnus, mais c\u00e9l\u00e9br\u00e9s, et [&hellip;]<\/p>\n","protected":false},"author":6,"featured_media":0,"parent":0,"menu_order":5,"comment_status":"closed","ping_status":"closed","template":"","meta":{"_breakdance_hide_in_design_set":false,"_breakdance_tags":"","footnotes":""},"class_list":["post-2423","page","type-page","status-publish","hentry"],"_links":{"self":[{"href":"https:\/\/arcfil.com\/fr\/wp-json\/wp\/v2\/pages\/2423","targetHints":{"allow":["GET"]}}],"collection":[{"href":"https:\/\/arcfil.com\/fr\/wp-json\/wp\/v2\/pages"}],"about":[{"href":"https:\/\/arcfil.com\/fr\/wp-json\/wp\/v2\/types\/page"}],"author":[{"embeddable":true,"href":"https:\/\/arcfil.com\/fr\/wp-json\/wp\/v2\/users\/6"}],"replies":[{"embeddable":true,"href":"https:\/\/arcfil.com\/fr\/wp-json\/wp\/v2\/comments?post=2423"}],"version-history":[{"count":10,"href":"https:\/\/arcfil.com\/fr\/wp-json\/wp\/v2\/pages\/2423\/revisions"}],"predecessor-version":[{"id":2477,"href":"https:\/\/arcfil.com\/fr\/wp-json\/wp\/v2\/pages\/2423\/revisions\/2477"}],"wp:attachment":[{"href":"https:\/\/arcfil.com\/fr\/wp-json\/wp\/v2\/media?parent=2423"}],"curies":[{"name":"wp","href":"https:\/\/api.w.org\/{rel}","templated":true}]}}